{"id":2209,"date":"2024-05-24T12:52:54","date_gmt":"2024-05-24T11:52:54","guid":{"rendered":"https:\/\/foxinaboxgames.com\/stockholm\/?page_id=2209"},"modified":"2026-04-10T09:42:15","modified_gmt":"2026-04-10T07:42:15","slug":"portable-games","status":"publish","type":"page","link":"https:\/\/foxinabox.se\/se\/portable-games\/","title":{"rendered":"Portabla spel"},"content":{"rendered":"<div class=\"wp-block-group alignfull has-global-padding is-layout-constrained wp-block-group-is-layout-constrained\" style=\"margin-top:0;margin-bottom:0\">\n<div class=\"wp-block-cover alignfull has-custom-white-color has-text-color has-link-color wp-elements-f78bac3d692b349a934b0813a48e7bc0\"><img decoding=\"async\" width=\"1728\" height=\"426\" class=\"wp-block-cover__image-background wp-image-2368\" alt=\"Digital lock keypad used in escape room game at Fox in a Box Stockholm.\" src=\"https:\/\/foxinaboxgames.com\/stockholm\/wp-content\/uploads\/sites\/17\/2024\/07\/portable-s.jpg\" data-object-fit=\"cover\" srcset=\"https:\/\/foxinabox.se\/wp-content\/uploads\/sites\/17\/2024\/07\/portable-s.jpg 1728w, https:\/\/foxinabox.se\/wp-content\/uploads\/sites\/17\/2024\/07\/portable-s-300x74.jpg 300w, https:\/\/foxinabox.se\/wp-content\/uploads\/sites\/17\/2024\/07\/portable-s-1024x252.jpg 1024w, https:\/\/foxinabox.se\/wp-content\/uploads\/sites\/17\/2024\/07\/portable-s-768x189.jpg 768w, https:\/\/foxinabox.se\/wp-content\/uploads\/sites\/17\/2024\/07\/portable-s-1536x379.jpg 1536w, https:\/\/foxinabox.se\/wp-content\/uploads\/sites\/17\/2024\/07\/portable-s-18x4.jpg 18w, https:\/\/foxinabox.se\/wp-content\/uploads\/sites\/17\/2024\/07\/portable-s-600x148.jpg 600w\" sizes=\"(max-width: 1728px) 100vw, 1728px\" \/><span aria-hidden=\"true\" class=\"wp-block-cover__background has-black-background-color has-background-dim-40 has-background-dim\"><\/span><div class=\"wp-block-cover__inner-container has-global-padding is-layout-constrained wp-block-cover-is-layout-constrained\">\n<div class=\"wp-block-group alignwide has-global-padding is-content-justification-left is-layout-constrained wp-container-core-group-is-layout-9eb25caf wp-block-group-is-layout-constrained\" style=\"padding-top:var(--wp--preset--spacing--40);padding-bottom:var(--wp--preset--spacing--40)\">\n<h1 class=\"wp-block-heading alignwide has-text-align-left has-extra-large-font-size\" style=\"margin-top:var(--wp--preset--spacing--30);margin-bottom:var(--wp--preset--spacing--50);line-height:0.9\">TA ESCAPE ROOM TILL ER PLATS!<\/h1>\n<\/div>\n<\/div><\/div>\n<\/div>\n\n\n\n<div class=\"wp-block-group alignfull has-tertiary-background-color has-background is-layout-flow wp-block-group-is-layout-flow\" style=\"padding-top:4em;padding-bottom:4em\">\n<div class=\"wp-block-group alignwide has-global-padding is-layout-constrained wp-block-group-is-layout-constrained\">\n<div class=\"wp-block-columns alignwide stack-on-tablet-portrait is-layout-flex wp-container-core-columns-is-layout-80e00c3d wp-block-columns-is-layout-flex\" style=\"padding-bottom:var(--wp--preset--spacing--50)\">\n<div class=\"wp-block-column is-layout-flow wp-block-column-is-layout-flow\" style=\"flex-basis:60%\">\n<h3 class=\"wp-block-heading has-medium-font-size\">Final Exam \u00e4r ett portabelt escape room som kan spelas var som helst \u2013 vi tar med underh\u00e5llningen till ert kontor, er konferens eller ert event! Vi transporterar de portabla escape rummen till valfri plats i och runt Stockholm och tillhandah\u00e5ller personal som s\u00e4tter upp och leder spelen.<\/h3>\n<\/div>\n\n\n\n<div class=\"wp-block-column is-layout-flow wp-block-column-is-layout-flow\" style=\"flex-basis:40%\">\n<p>We have 6 identical units that can be run simultaneously, with a maximum of 6 people per team, that&#8217;s up to 36 players per hour. For large groups we can run multiple hours of games, so the number of possible players is endless.<\/p>\n\n\n\n<p class=\"has-extra-small-font-size\">See our portable escape room brochure for more information.<\/p>\n\n\n\n<div class=\"wp-block-buttons is-layout-flex wp-block-buttons-is-layout-flex\">\n<div class=\"wp-block-button\"><a class=\"wp-block-button__link wp-element-button\" href=\"https:\/\/drive.google.com\/file\/d\/1ikJvmPPVOgBW9hePqVbQA6WGcsXrhM0i\/view?usp=drive_link\" target=\"_blank\" rel=\"noreferrer noopener\"><strong>Broschyr<\/strong><\/a><\/div>\n<\/div>\n<\/div>\n<\/div>\n\n\n\n<div class=\"wp-block-columns alignwide is-layout-flex wp-container-core-columns-is-layout-819a60f8 wp-block-columns-is-layout-flex\" style=\"border-top-color:#0000000f;border-top-width:1px;padding-top:var(--wp--preset--spacing--60)\">\n<div class=\"wp-block-column is-layout-flow wp-block-column-is-layout-flow\" style=\"flex-basis:70%\">\n<p>Som blivande hemliga agenter \u00e4r er sista utmaning, utformad av Mr Fox, att anv\u00e4nda ert skarpsinne och beh\u00e5lla lugnet medan tiden tickar ner p\u00e5 en portf\u00f6ljbomb! Att arbeta tillsammans i team f\u00f6r att l\u00f6sa en rad pussel \u00e4r det enda s\u00e4ttet att lyckas och klara testet. Utveckla er kommunikation och samarbetsf\u00f6rm\u00e5ga och se vem som kan f\u00e5 dagens b\u00e4sta tid.<\/p>\n<\/div>\n\n\n\n<div class=\"wp-block-column is-layout-flow wp-block-column-is-layout-flow\" style=\"flex-basis:50%\"><\/div>\n<\/div>\n<\/div>\n<\/div>\n\n\n\n<div class=\"wp-block-group alignfull has-offwhite-background-color has-background is-layout-flow wp-block-group-is-layout-flow\" id=\"contact\" style=\"padding-top:4em;padding-bottom:4em\">\n<div class=\"wp-block-group alignwide has-global-padding is-layout-constrained wp-block-group-is-layout-constrained\">\n<div class=\"wp-block-columns alignwide stack-on-tablet-portrait is-layout-flex wp-container-core-columns-is-layout-cf05694f wp-block-columns-is-layout-flex\">\n<div class=\"wp-block-column is-layout-flow wp-block-column-is-layout-flow\">\n<div class=\"wp-block-columns is-layout-flex wp-container-core-columns-is-layout-28f84493 wp-block-columns-is-layout-flex\">\n<div class=\"wp-block-column is-layout-flow wp-block-column-is-layout-flow\" style=\"flex-basis:70%\">\n<h3 class=\"wp-block-heading has-large-font-size\" style=\"padding-bottom:var(--wp--preset--spacing--70)\">Kontakta v\u00e5rt eventteam!<\/h3>\n\n\n\n<p class=\"has-black-color has-text-color has-link-color wp-elements-ee225833d65923e788bb3b65dc641de9\">F\u00f6r att diskutera att ta v\u00e5ra portabla escape rooms till er plats, mejla <br><a href=\"mailto:event@foxinabox.se\">info@foxinabox.se<\/a><\/p>\n<\/div>\n<\/div>\n<\/div>\n\n\n\n<div class=\"wp-block-column is-layout-flow wp-block-column-is-layout-flow\">\n<div class=\"wp-block-group has-global-padding is-layout-constrained wp-block-group-is-layout-constrained\">\n<div class=\"wpcf7 no-js\" id=\"wpcf7-f678-o1\" lang=\"en-US\" dir=\"ltr\" data-wpcf7-id=\"678\">\n<div class=\"screen-reader-response\"><p role=\"status\" aria-live=\"polite\" aria-atomic=\"true\"><\/p> <ul><\/ul><\/div>\n<form action=\"\/se\/wp-json\/wp\/v2\/pages\/2209#wpcf7-f678-o1\" method=\"post\" class=\"wpcf7-form init\" aria-label=\"Contact form\" novalidate=\"novalidate\" data-status=\"init\" data-trp-original-action=\"\/se\/wp-json\/wp\/v2\/pages\/2209#wpcf7-f678-o1\">\n<fieldset class=\"hidden-fields-container\"><input type=\"hidden\" name=\"_wpcf7\" value=\"678\" \/><input type=\"hidden\" name=\"_wpcf7_version\" value=\"6.1.4\" \/><input type=\"hidden\" name=\"_wpcf7_locale\" value=\"en_US\" \/><input type=\"hidden\" name=\"_wpcf7_unit_tag\" value=\"wpcf7-f678-o1\" \/><input type=\"hidden\" name=\"_wpcf7_container_post\" value=\"0\" \/><input type=\"hidden\" name=\"_wpcf7_posted_data_hash\" value=\"\" \/>\n<\/fieldset>\n<p><span class=\"wpcf7-form-control-wrap\" data-name=\"your-email\"><input size=\"40\" maxlength=\"400\" class=\"wpcf7-form-control wpcf7-email wpcf7-validates-as-required wpcf7-text wpcf7-validates-as-email\" autocomplete=\"email\" aria-required=\"true\" aria-invalid=\"false\" placeholder=\"E-post\" value=\"\" type=\"email\" name=\"your-email\" \/><\/span>\n<\/p>\n<p><span class=\"wpcf7-form-control-wrap\" data-name=\"your-message\"><textarea cols=\"40\" rows=\"10\" maxlength=\"2000\" class=\"wpcf7-form-control wpcf7-textarea wpcf7-validates-as-required\" aria-required=\"true\" aria-invalid=\"false\" placeholder=\"Er meddelandet\" name=\"your-message\"><\/textarea><\/span>\n<\/p>\n<div class=\"wp-block-button is-style-button-arrow\">\n<\/div>\n<p><div class=\"cf7-cf-turnstile\" style=\"margin-top: 0px; margin-bottom: -15px;\"> <div id=\"cf-turnstile-cf7-624591409\" class=\"cf-turnstile\" data-sitekey=\"0x4AAAAAAB1q8GsU0-U2CrkP\" data-theme=\"light\" data-language=\"auto\" data-size=\"normal\" data-retry=\"auto\" data-retry-interval=\"1000\" data-action=\"contact-form-7\" data-appearance=\"always\"><\/div> <script>document.addEventListener(\"DOMContentLoaded\", function() { setTimeout(function(){ var e=document.getElementById(\"cf-turnstile-cf7-624591409\"); e&&!e.innerHTML.trim()&&(turnstile.remove(\"#cf-turnstile-cf7-624591409\"), turnstile.render(\"#cf-turnstile-cf7-624591409\", {sitekey:\"0x4AAAAAAB1q8GsU0-U2CrkP\"})); }, 0); });<\/script> <br class=\"cf-turnstile-br cf-turnstile-br-cf7-624591409\"> <style>#cf-turnstile-cf7-624591409 { margin-left: -15px; }<\/style> <script>document.addEventListener(\"DOMContentLoaded\",function(){document.querySelectorAll('.wpcf7-form').forEach(function(e){e.addEventListener('submit',function(){if(document.getElementById('cf-turnstile-cf7-624591409')){setTimeout(function(){turnstile.reset('#cf-turnstile-cf7-624591409');},1000)}})})});<\/script> <\/div>\n<\/p>\n<div class=\"wp-block-button is-style-button-arrow\">\n\t<p><button type=\"submit\" class=\"wp-block-button__link wp-element-button wpcf7-form-control wpcf7-submit has-spinner\">Skicka meddelande<\/button>\n\t<\/p>\n<\/div><input type='hidden' class='wpcf7-pum' value='{\"closepopup\":false,\"closedelay\":0,\"openpopup\":false,\"openpopup_id\":0}' \/><div class=\"wpcf7-response-output\" aria-hidden=\"true\"><\/div>\n<input type=\"hidden\" name=\"trp-form-language\" value=\"se\"\/><\/form>\n<\/div>\n\n<\/div>\n<\/div>\n<\/div>\n<\/div>\n<\/div>","protected":false},"excerpt":{"rendered":"<p>Final Exam is a portable escape room that can be played anywhere; we bring the fun to your office, conference or event! We transport the portable escape rooms to any location in and around Stockholm, and provide staff to set up and run the games. We have 6 identical units that can be run simultaneously, [&hellip;]<\/p>","protected":false},"author":4,"featured_media":0,"parent":0,"menu_order":0,"comment_status":"closed","ping_status":"closed","template":"","meta":{"footnotes":""},"class_list":["post-2209","page","type-page","status-publish","hentry"],"_links":{"self":[{"href":"https:\/\/foxinabox.se\/se\/wp-json\/wp\/v2\/pages\/2209","targetHints":{"allow":["GET"]}}],"collection":[{"href":"https:\/\/foxinabox.se\/se\/wp-json\/wp\/v2\/pages"}],"about":[{"href":"https:\/\/foxinabox.se\/se\/wp-json\/wp\/v2\/types\/page"}],"author":[{"embeddable":true,"href":"https:\/\/foxinabox.se\/se\/wp-json\/wp\/v2\/users\/4"}],"replies":[{"embeddable":true,"href":"https:\/\/foxinabox.se\/se\/wp-json\/wp\/v2\/comments?post=2209"}],"version-history":[{"count":16,"href":"https:\/\/foxinabox.se\/se\/wp-json\/wp\/v2\/pages\/2209\/revisions"}],"predecessor-version":[{"id":29823,"href":"https:\/\/foxinabox.se\/se\/wp-json\/wp\/v2\/pages\/2209\/revisions\/29823"}],"wp:attachment":[{"href":"https:\/\/foxinabox.se\/se\/wp-json\/wp\/v2\/media?parent=2209"}],"curies":[{"name":"wp","href":"https:\/\/api.w.org\/{rel}","templated":true}]}}