{"id":34,"date":"2024-01-23T11:26:43","date_gmt":"2024-01-23T11:26:43","guid":{"rendered":"https:\/\/foxinaboxgames.com\/stockholm\/?page_id=34"},"modified":"2025-10-28T11:49:17","modified_gmt":"2025-10-28T10:49:17","slug":"gift-cards","status":"publish","type":"page","link":"https:\/\/foxinabox.se\/se\/gift-cards\/","title":{"rendered":"Gift Cards"},"content":{"rendered":"<div class=\"wp-block-group alignfull has-global-padding is-layout-constrained wp-block-group-is-layout-constrained\" style=\"margin-top:0;margin-bottom:0\">\n<div class=\"wp-block-cover alignfull is-light\"><span aria-hidden=\"true\" class=\"wp-block-cover__background has-background-dim-0 has-background-dim\"><\/span><img decoding=\"async\" width=\"2000\" height=\"493\" src=\"https:\/\/foxinaboxgames.com\/stockholm\/wp-content\/uploads\/sites\/17\/2024\/02\/gift-card.jpg\" class=\"wp-block-cover__image-background wp-image-906\" alt=\"Black gift box with white ribbon in a mysterious setting.\" data-object-fit=\"cover\" srcset=\"https:\/\/foxinabox.se\/wp-content\/uploads\/sites\/17\/2024\/02\/gift-card.jpg 2000w, https:\/\/foxinabox.se\/wp-content\/uploads\/sites\/17\/2024\/02\/gift-card-300x74.jpg 300w, https:\/\/foxinabox.se\/wp-content\/uploads\/sites\/17\/2024\/02\/gift-card-1024x252.jpg 1024w, https:\/\/foxinabox.se\/wp-content\/uploads\/sites\/17\/2024\/02\/gift-card-768x189.jpg 768w, https:\/\/foxinabox.se\/wp-content\/uploads\/sites\/17\/2024\/02\/gift-card-1536x379.jpg 1536w, https:\/\/foxinabox.se\/wp-content\/uploads\/sites\/17\/2024\/02\/gift-card-600x148.jpg 600w\" sizes=\"(max-width: 2000px) 100vw, 2000px\" \/> <div class=\"wp-block-cover__inner-container has-global-padding is-layout-constrained wp-block-cover-is-layout-constrained\">\n<div class=\"wp-block-group alignwide has-global-padding is-layout-constrained wp-block-group-is-layout-constrained\" style=\"padding-top:var(--wp--preset--spacing--40);padding-bottom:var(--wp--preset--spacing--40)\">\n<h1 class=\"wp-block-heading alignwide has-text-align-left has-custom-white-color has-text-color has-link-color has-larger-font-size wp-elements-80e0f61096f2cdb85a842fd38d096a17\" style=\"margin-top:var(--wp--preset--spacing--30);margin-bottom:var(--wp--preset--spacing--50);line-height:0.9\">PRESENTKORT<\/h1>\n\n\n\n<div class=\"wp-block-columns alignwide is-layout-flex wp-container-core-columns-is-layout-f0342b05 wp-block-columns-is-layout-flex\" style=\"margin-top:0;margin-bottom:0\">\n<div class=\"wp-block-column is-layout-flow wp-block-column-is-layout-flow\" style=\"flex-basis:45%\">\n<p class=\"has-custom-white-color has-text-color has-link-color wp-elements-d70b07c93116831d6d1ce09c770b9b0d\" style=\"margin-top:0;margin-bottom:0\">\u00d6verraska, gl\u00e4dja och v\u00e4ck \u00e4ventyrsandan med Fox in a Box-presentkort. Det \u00e4r inte bara en g\u00e5va; det \u00e4r en m\u00f6jlighet att skapa best\u00e5ende minnen och dela sp\u00e4nningen vid flykt.<\/p>\n<\/div>\n<\/div>\n<\/div>\n<\/div><\/div>\n<\/div>\n\n\n\n<div class=\"wp-block-group alignwide has-global-padding is-layout-constrained wp-block-group-is-layout-constrained\" style=\"padding-top:3rem;padding-bottom:5rem\">\n<div class=\"wp-block-query alignwide is-layout-flow wp-block-query-is-layout-flow\">\n<div class=\"wp-block-columns is-layout-flex wp-container-core-columns-is-layout-75386ff1 wp-block-columns-is-layout-flex\" style=\"padding-bottom:1rem\">\n<div class=\"wp-block-column is-layout-flow wp-block-column-is-layout-flow\" style=\"flex-basis:60%\">\n<h2 class=\"wp-block-heading\">FOX IN A BOX-PRESENTKORT \u00c4R DIN BILJETT TILL SP\u00c4NNANDE UPPLEVELSER SOM \u00d6VERTR\u00c4FFAR DET VANLIGA.<\/h2>\n\n\n\n<div class=\"wp-block-columns is-layout-flex wp-container-core-columns-is-layout-28f84493 wp-block-columns-is-layout-flex\">\n<div class=\"wp-block-column is-layout-flow wp-block-column-is-layout-flow\" style=\"flex-basis:80%\">\n<p>Unna dina n\u00e4ra och k\u00e4ra, v\u00e4nner eller kollegor p\u00e5 en of\u00f6rgl\u00f6mlig resa fylld med pussel, lagarbete och gl\u00e4djen att fly.<\/p>\n<\/div>\n<\/div>\n<\/div>\n<\/div>\n\n\n<ul class=\"columns-4 wp-block-post-template is-layout-grid wp-container-core-post-template-is-layout-b8f9de70 wp-block-post-template-is-layout-grid\"><li class=\"wp-block-post post-21540 product type-product status-publish has-post-thumbnail product_cat-gift-cards first instock taxable shipping-taxable purchasable product-type-variable has-default-attributes\">\n<figure class=\"alignwide wp-block-post-featured-image\"><a href=\"https:\/\/foxinabox.se\/se\/p\/gift-cards\/card-custom-amount\/\" target=\"_self\"  ><img decoding=\"async\" width=\"1000\" height=\"1216\" src=\"https:\/\/foxinabox.se\/wp-content\/uploads\/sites\/17\/2024\/03\/gift-v1.jpg\" class=\"attachment-post-thumbnail size-post-thumbnail wp-post-image\" alt=\"CARD CUSTOM AMOUNT\" style=\"object-fit:cover;\" srcset=\"https:\/\/foxinabox.se\/wp-content\/uploads\/sites\/17\/2024\/03\/gift-v1.jpg 1000w, https:\/\/foxinabox.se\/wp-content\/uploads\/sites\/17\/2024\/03\/gift-v1-247x300.jpg 247w, https:\/\/foxinabox.se\/wp-content\/uploads\/sites\/17\/2024\/03\/gift-v1-842x1024.jpg 842w, https:\/\/foxinabox.se\/wp-content\/uploads\/sites\/17\/2024\/03\/gift-v1-768x934.jpg 768w, https:\/\/foxinabox.se\/wp-content\/uploads\/sites\/17\/2024\/03\/gift-v1-600x730.jpg 600w\" sizes=\"(max-width: 1000px) 100vw, 1000px\" \/><\/a><\/figure>\n\n<h2 style=\"font-style:normal;font-weight:800;\" class=\"has-text-align-center has-link-color wp-elements-10468d13f370c0f9e585dff66384003b wp-block-post-title has-small-font-size\"><a href=\"https:\/\/foxinabox.se\/se\/p\/gift-cards\/card-custom-amount\/\" target=\"_self\" >Presentkort \u2013 valfritt belopp<\/a><\/h2>\n\n<div data-block-name=\"woocommerce\/product-price\" data-is-descendent-of-query-loop=\"true\" data-text-align=\"center\" class=\"has-text-align-center wp-block-woocommerce-product-price\" ><div class=\"wc-block-components-product-price wc-block-grid__product-price\" >\n\t\t\t\t\t<span class=\"woocommerce-Price-amount amount\"><bdi><span class=\"price-number-only\">0.00<\/span>&nbsp;<span class=\"woocommerce-Price-currencySymbol\">SEK<\/span><\/bdi><\/span> <small class=\"woocommerce-price-suffix\">INC. MOMS<\/small>\n\t\t\t\t<\/div><\/div>\n\n\n<div class=\"wp-block-group has-global-padding is-layout-constrained wp-block-group-is-layout-constrained\" style=\"padding-top:var(--wp--preset--spacing--20);padding-bottom:var(--wp--preset--spacing--40)\"><a class=\"wp-elements-f3c987bd4e9215153565421336cc0e5f wp-block-read-more has-text-color has-primary-color\" href=\"https:\/\/foxinabox.se\/se\/p\/gift-cards\/card-custom-amount\/\" target=\"_self\">K\u00f6p nu<span class=\"screen-reader-text\">: CARD CUSTOM AMOUNT<\/span><\/a><\/div>\n\n<\/li><li class=\"wp-block-post post-1167 product type-product status-publish has-post-thumbnail product_cat-gift-cards  instock taxable shipping-taxable purchasable product-type-variable has-default-attributes\">\n<figure class=\"alignwide wp-block-post-featured-image\"><a href=\"https:\/\/foxinabox.se\/se\/p\/gift-cards\/card-850\/\" target=\"_self\"  ><img decoding=\"async\" width=\"1000\" height=\"1216\" src=\"https:\/\/foxinabox.se\/wp-content\/uploads\/sites\/17\/2024\/03\/gift-v1.jpg\" class=\"attachment-post-thumbnail size-post-thumbnail wp-post-image\" alt=\"CARD 850\" style=\"object-fit:cover;\" srcset=\"https:\/\/foxinabox.se\/wp-content\/uploads\/sites\/17\/2024\/03\/gift-v1.jpg 1000w, https:\/\/foxinabox.se\/wp-content\/uploads\/sites\/17\/2024\/03\/gift-v1-247x300.jpg 247w, https:\/\/foxinabox.se\/wp-content\/uploads\/sites\/17\/2024\/03\/gift-v1-842x1024.jpg 842w, https:\/\/foxinabox.se\/wp-content\/uploads\/sites\/17\/2024\/03\/gift-v1-768x934.jpg 768w, https:\/\/foxinabox.se\/wp-content\/uploads\/sites\/17\/2024\/03\/gift-v1-600x730.jpg 600w\" sizes=\"(max-width: 1000px) 100vw, 1000px\" \/><\/a><\/figure>\n\n<h2 style=\"font-style:normal;font-weight:800;\" class=\"has-text-align-center has-link-color wp-elements-10468d13f370c0f9e585dff66384003b wp-block-post-title has-small-font-size\"><a href=\"https:\/\/foxinabox.se\/se\/p\/gift-cards\/card-850\/\" target=\"_self\" >presentkort 850<\/a><\/h2>\n\n<div data-block-name=\"woocommerce\/product-price\" data-is-descendent-of-query-loop=\"true\" data-text-align=\"center\" class=\"has-text-align-center wp-block-woocommerce-product-price\" ><div class=\"wc-block-components-product-price wc-block-grid__product-price\" >\n\t\t\t\t\t<span class=\"woocommerce-Price-amount amount\"><bdi><span class=\"price-number-only\">850.00<\/span>&nbsp;<span class=\"woocommerce-Price-currencySymbol\">SEK<\/span><\/bdi><\/span> <small class=\"woocommerce-price-suffix\">INC. MOMS<\/small>\n\t\t\t\t<\/div><\/div>\n\n\n<div class=\"wp-block-group has-global-padding is-layout-constrained wp-block-group-is-layout-constrained\" style=\"padding-top:var(--wp--preset--spacing--20);padding-bottom:var(--wp--preset--spacing--40)\"><a class=\"wp-elements-f3c987bd4e9215153565421336cc0e5f wp-block-read-more has-text-color has-primary-color\" href=\"https:\/\/foxinabox.se\/se\/p\/gift-cards\/card-850\/\" target=\"_self\">K\u00f6p nu<span class=\"screen-reader-text\">: CARD 850<\/span><\/a><\/div>\n\n<\/li><li class=\"wp-block-post post-1194 product type-product status-publish has-post-thumbnail product_cat-gift-cards  instock taxable shipping-taxable purchasable product-type-variable has-default-attributes\">\n<figure class=\"alignwide wp-block-post-featured-image\"><a href=\"https:\/\/foxinabox.se\/se\/p\/gift-cards\/card-1125\/\" target=\"_self\"  ><img decoding=\"async\" width=\"1432\" height=\"1742\" src=\"https:\/\/foxinabox.se\/wp-content\/uploads\/sites\/17\/2024\/03\/gift-v2.jpg\" class=\"attachment-post-thumbnail size-post-thumbnail wp-post-image\" alt=\"CARD 1125\" style=\"object-fit:cover;\" srcset=\"https:\/\/foxinabox.se\/wp-content\/uploads\/sites\/17\/2024\/03\/gift-v2.jpg 1432w, https:\/\/foxinabox.se\/wp-content\/uploads\/sites\/17\/2024\/03\/gift-v2-247x300.jpg 247w, https:\/\/foxinabox.se\/wp-content\/uploads\/sites\/17\/2024\/03\/gift-v2-842x1024.jpg 842w, https:\/\/foxinabox.se\/wp-content\/uploads\/sites\/17\/2024\/03\/gift-v2-768x934.jpg 768w, https:\/\/foxinabox.se\/wp-content\/uploads\/sites\/17\/2024\/03\/gift-v2-1263x1536.jpg 1263w, https:\/\/foxinabox.se\/wp-content\/uploads\/sites\/17\/2024\/03\/gift-v2-600x730.jpg 600w\" sizes=\"(max-width: 1432px) 100vw, 1432px\" \/><\/a><\/figure>\n\n<h2 style=\"font-style:normal;font-weight:800;\" class=\"has-text-align-center has-link-color wp-elements-10468d13f370c0f9e585dff66384003b wp-block-post-title has-small-font-size\"><a href=\"https:\/\/foxinabox.se\/se\/p\/gift-cards\/card-1125\/\" target=\"_self\" >presentkort 1125<\/a><\/h2>\n\n<div data-block-name=\"woocommerce\/product-price\" data-is-descendent-of-query-loop=\"true\" data-text-align=\"center\" class=\"has-text-align-center wp-block-woocommerce-product-price\" ><div class=\"wc-block-components-product-price wc-block-grid__product-price\" >\n\t\t\t\t\t<span class=\"woocommerce-Price-amount amount\"><bdi><span class=\"price-number-only\">1125.00<\/span>&nbsp;<span class=\"woocommerce-Price-currencySymbol\">SEK<\/span><\/bdi><\/span> <small class=\"woocommerce-price-suffix\">INC. MOMS<\/small>\n\t\t\t\t<\/div><\/div>\n\n\n<div class=\"wp-block-group has-global-padding is-layout-constrained wp-block-group-is-layout-constrained\" style=\"padding-top:var(--wp--preset--spacing--20);padding-bottom:var(--wp--preset--spacing--40)\"><a class=\"wp-elements-f3c987bd4e9215153565421336cc0e5f wp-block-read-more has-text-color has-primary-color\" href=\"https:\/\/foxinabox.se\/se\/p\/gift-cards\/card-1125\/\" target=\"_self\">K\u00f6p nu<span class=\"screen-reader-text\">: CARD 1125<\/span><\/a><\/div>\n\n<\/li><li class=\"wp-block-post post-1200 product type-product status-publish has-post-thumbnail product_cat-gift-cards last instock taxable shipping-taxable purchasable product-type-variable has-default-attributes\">\n<figure class=\"alignwide wp-block-post-featured-image\"><a href=\"https:\/\/foxinabox.se\/se\/p\/gift-cards\/card-1500\/\" target=\"_self\"  ><img decoding=\"async\" width=\"1432\" height=\"1742\" src=\"https:\/\/foxinabox.se\/wp-content\/uploads\/sites\/17\/2024\/03\/gift-v3.jpg\" class=\"attachment-post-thumbnail size-post-thumbnail wp-post-image\" alt=\"CARD 1500\" style=\"object-fit:cover;\" srcset=\"https:\/\/foxinabox.se\/wp-content\/uploads\/sites\/17\/2024\/03\/gift-v3.jpg 1432w, https:\/\/foxinabox.se\/wp-content\/uploads\/sites\/17\/2024\/03\/gift-v3-247x300.jpg 247w, https:\/\/foxinabox.se\/wp-content\/uploads\/sites\/17\/2024\/03\/gift-v3-842x1024.jpg 842w, https:\/\/foxinabox.se\/wp-content\/uploads\/sites\/17\/2024\/03\/gift-v3-768x934.jpg 768w, https:\/\/foxinabox.se\/wp-content\/uploads\/sites\/17\/2024\/03\/gift-v3-1263x1536.jpg 1263w, https:\/\/foxinabox.se\/wp-content\/uploads\/sites\/17\/2024\/03\/gift-v3-600x730.jpg 600w\" sizes=\"(max-width: 1432px) 100vw, 1432px\" \/><\/a><\/figure>\n\n<h2 style=\"font-style:normal;font-weight:800;\" class=\"has-text-align-center has-link-color wp-elements-10468d13f370c0f9e585dff66384003b wp-block-post-title has-small-font-size\"><a href=\"https:\/\/foxinabox.se\/se\/p\/gift-cards\/card-1500\/\" target=\"_self\" >presentkort 1500<\/a><\/h2>\n\n<div data-block-name=\"woocommerce\/product-price\" data-is-descendent-of-query-loop=\"true\" data-text-align=\"center\" class=\"has-text-align-center wp-block-woocommerce-product-price\" ><div class=\"wc-block-components-product-price wc-block-grid__product-price\" >\n\t\t\t\t\t<span class=\"woocommerce-Price-amount amount\"><bdi><span class=\"price-number-only\">1500.00<\/span>&nbsp;<span class=\"woocommerce-Price-currencySymbol\">SEK<\/span><\/bdi><\/span> <small class=\"woocommerce-price-suffix\">INC. MOMS<\/small>\n\t\t\t\t<\/div><\/div>\n\n\n<div class=\"wp-block-group has-global-padding is-layout-constrained wp-block-group-is-layout-constrained\" style=\"padding-top:var(--wp--preset--spacing--20);padding-bottom:var(--wp--preset--spacing--40)\"><a class=\"wp-elements-f3c987bd4e9215153565421336cc0e5f wp-block-read-more has-text-color has-primary-color\" href=\"https:\/\/foxinabox.se\/se\/p\/gift-cards\/card-1500\/\" target=\"_self\">K\u00f6p nu<span class=\"screen-reader-text\">: CARD 1500<\/span><\/a><\/div>\n\n<\/li><li class=\"wp-block-post post-1202 product type-product status-publish has-post-thumbnail product_cat-gift-cards first instock taxable shipping-taxable purchasable product-type-variable has-default-attributes\">\n<figure class=\"alignwide wp-block-post-featured-image\"><a href=\"https:\/\/foxinabox.se\/se\/p\/gift-cards\/card-1875\/\" target=\"_self\"  ><img decoding=\"async\" width=\"1432\" height=\"1742\" src=\"https:\/\/foxinabox.se\/wp-content\/uploads\/sites\/17\/2024\/03\/gift-v4.jpg\" class=\"attachment-post-thumbnail size-post-thumbnail wp-post-image\" alt=\"CARD 1875\" style=\"object-fit:cover;\" srcset=\"https:\/\/foxinabox.se\/wp-content\/uploads\/sites\/17\/2024\/03\/gift-v4.jpg 1432w, https:\/\/foxinabox.se\/wp-content\/uploads\/sites\/17\/2024\/03\/gift-v4-247x300.jpg 247w, https:\/\/foxinabox.se\/wp-content\/uploads\/sites\/17\/2024\/03\/gift-v4-842x1024.jpg 842w, https:\/\/foxinabox.se\/wp-content\/uploads\/sites\/17\/2024\/03\/gift-v4-768x934.jpg 768w, https:\/\/foxinabox.se\/wp-content\/uploads\/sites\/17\/2024\/03\/gift-v4-1263x1536.jpg 1263w, https:\/\/foxinabox.se\/wp-content\/uploads\/sites\/17\/2024\/03\/gift-v4-600x730.jpg 600w\" sizes=\"(max-width: 1432px) 100vw, 1432px\" \/><\/a><\/figure>\n\n<h2 style=\"font-style:normal;font-weight:800;\" class=\"has-text-align-center has-link-color wp-elements-10468d13f370c0f9e585dff66384003b wp-block-post-title has-small-font-size\"><a href=\"https:\/\/foxinabox.se\/se\/p\/gift-cards\/card-1875\/\" target=\"_self\" >presentkort 1875<\/a><\/h2>\n\n<div data-block-name=\"woocommerce\/product-price\" data-is-descendent-of-query-loop=\"true\" data-text-align=\"center\" class=\"has-text-align-center wp-block-woocommerce-product-price\" ><div class=\"wc-block-components-product-price wc-block-grid__product-price\" >\n\t\t\t\t\t<span class=\"woocommerce-Price-amount amount\"><bdi><span class=\"price-number-only\">1875.00<\/span>&nbsp;<span class=\"woocommerce-Price-currencySymbol\">SEK<\/span><\/bdi><\/span> <small class=\"woocommerce-price-suffix\">INC. MOMS<\/small>\n\t\t\t\t<\/div><\/div>\n\n\n<div class=\"wp-block-group has-global-padding is-layout-constrained wp-block-group-is-layout-constrained\" style=\"padding-top:var(--wp--preset--spacing--20);padding-bottom:var(--wp--preset--spacing--40)\"><a class=\"wp-elements-f3c987bd4e9215153565421336cc0e5f wp-block-read-more has-text-color has-primary-color\" href=\"https:\/\/foxinabox.se\/se\/p\/gift-cards\/card-1875\/\" target=\"_self\">K\u00f6p nu<span class=\"screen-reader-text\">: CARD 1875<\/span><\/a><\/div>\n\n<\/li><li class=\"wp-block-post post-1204 product type-product status-publish has-post-thumbnail product_cat-gift-cards  instock taxable shipping-taxable purchasable product-type-variable has-default-attributes\">\n<figure class=\"alignwide wp-block-post-featured-image\"><a href=\"https:\/\/foxinabox.se\/se\/p\/gift-cards\/card-2250\/\" target=\"_self\"  ><img decoding=\"async\" width=\"1432\" height=\"1742\" src=\"https:\/\/foxinabox.se\/wp-content\/uploads\/sites\/17\/2024\/03\/gift-v5.jpg\" class=\"attachment-post-thumbnail size-post-thumbnail wp-post-image\" alt=\"CARD 2250\" style=\"object-fit:cover;\" srcset=\"https:\/\/foxinabox.se\/wp-content\/uploads\/sites\/17\/2024\/03\/gift-v5.jpg 1432w, https:\/\/foxinabox.se\/wp-content\/uploads\/sites\/17\/2024\/03\/gift-v5-247x300.jpg 247w, https:\/\/foxinabox.se\/wp-content\/uploads\/sites\/17\/2024\/03\/gift-v5-842x1024.jpg 842w, https:\/\/foxinabox.se\/wp-content\/uploads\/sites\/17\/2024\/03\/gift-v5-768x934.jpg 768w, https:\/\/foxinabox.se\/wp-content\/uploads\/sites\/17\/2024\/03\/gift-v5-1263x1536.jpg 1263w, https:\/\/foxinabox.se\/wp-content\/uploads\/sites\/17\/2024\/03\/gift-v5-600x730.jpg 600w\" sizes=\"(max-width: 1432px) 100vw, 1432px\" \/><\/a><\/figure>\n\n<h2 style=\"font-style:normal;font-weight:800;\" class=\"has-text-align-center has-link-color wp-elements-10468d13f370c0f9e585dff66384003b wp-block-post-title has-small-font-size\"><a href=\"https:\/\/foxinabox.se\/se\/p\/gift-cards\/card-2250\/\" target=\"_self\" >presentkort 2250<\/a><\/h2>\n\n<div data-block-name=\"woocommerce\/product-price\" data-is-descendent-of-query-loop=\"true\" data-text-align=\"center\" class=\"has-text-align-center wp-block-woocommerce-product-price\" ><div class=\"wc-block-components-product-price wc-block-grid__product-price\" >\n\t\t\t\t\t<span class=\"woocommerce-Price-amount amount\"><bdi><span class=\"price-number-only\">2250.00<\/span>&nbsp;<span class=\"woocommerce-Price-currencySymbol\">SEK<\/span><\/bdi><\/span> <small class=\"woocommerce-price-suffix\">INC. MOMS<\/small>\n\t\t\t\t<\/div><\/div>\n\n\n<div class=\"wp-block-group has-global-padding is-layout-constrained wp-block-group-is-layout-constrained\" style=\"padding-top:var(--wp--preset--spacing--20);padding-bottom:var(--wp--preset--spacing--40)\"><a class=\"wp-elements-f3c987bd4e9215153565421336cc0e5f wp-block-read-more has-text-color has-primary-color\" href=\"https:\/\/foxinabox.se\/se\/p\/gift-cards\/card-2250\/\" target=\"_self\">K\u00f6p nu<span class=\"screen-reader-text\">: CARD 2250<\/span><\/a><\/div>\n\n<\/li><\/ul><\/div>\n<\/div>","protected":false},"excerpt":{"rendered":"","protected":false},"author":4,"featured_media":0,"parent":0,"menu_order":0,"comment_status":"closed","ping_status":"closed","template":"","meta":{"footnotes":""},"class_list":["post-34","page","type-page","status-publish","hentry"],"_links":{"self":[{"href":"https:\/\/foxinabox.se\/se\/wp-json\/wp\/v2\/pages\/34","targetHints":{"allow":["GET"]}}],"collection":[{"href":"https:\/\/foxinabox.se\/se\/wp-json\/wp\/v2\/pages"}],"about":[{"href":"https:\/\/foxinabox.se\/se\/wp-json\/wp\/v2\/types\/page"}],"author":[{"embeddable":true,"href":"https:\/\/foxinabox.se\/se\/wp-json\/wp\/v2\/users\/4"}],"replies":[{"embeddable":true,"href":"https:\/\/foxinabox.se\/se\/wp-json\/wp\/v2\/comments?post=34"}],"version-history":[{"count":11,"href":"https:\/\/foxinabox.se\/se\/wp-json\/wp\/v2\/pages\/34\/revisions"}],"predecessor-version":[{"id":1244,"href":"https:\/\/foxinabox.se\/se\/wp-json\/wp\/v2\/pages\/34\/revisions\/1244"}],"wp:attachment":[{"href":"https:\/\/foxinabox.se\/se\/wp-json\/wp\/v2\/media?parent=34"}],"curies":[{"name":"wp","href":"https:\/\/api.w.org\/{rel}","templated":true}]}}