{"id":42,"date":"2024-01-23T11:28:31","date_gmt":"2024-01-23T11:28:31","guid":{"rendered":"https:\/\/foxinaboxgames.com\/stockholm\/?page_id=42"},"modified":"2025-10-28T11:46:26","modified_gmt":"2025-10-28T10:46:26","slug":"cookie-policy","status":"publish","type":"page","link":"https:\/\/foxinabox.se\/se\/cookie-policy\/","title":{"rendered":"COOKIEPOLICY"},"content":{"rendered":"<div class=\"wp-block-group alignwide has-link-color wp-elements-ee3443c6574dec741dada5e3b14400a9 has-global-padding is-layout-constrained wp-block-group-is-layout-constrained\">\n<div style=\"height:140px\" aria-hidden=\"true\" class=\"wp-block-spacer\"><\/div>\n\n\n\n<div class=\"wp-block-columns alignwide stack-on-tablet-portrait is-layout-flex wp-container-core-columns-is-layout-cbe57604 wp-block-columns-is-layout-flex\">\n<div class=\"wp-block-column is-layout-flow wp-block-column-is-layout-flow\" style=\"flex-basis:50%\">\n<h1 class=\"wp-block-heading has-extra-large-font-size\" style=\"margin-top:0;line-height:0.8;text-transform:uppercase\">COOKIEPOLICY<\/h1>\n\n\n\n<div style=\"height:20px\" aria-hidden=\"true\" class=\"wp-block-spacer\"><\/div>\n<\/div>\n\n\n\n<div class=\"wp-block-column is-layout-flow wp-block-column-is-layout-flow\" style=\"flex-basis:60%\">\n<div class=\"wp-block-columns is-layout-flex wp-container-core-columns-is-layout-28f84493 wp-block-columns-is-layout-flex\">\n<div class=\"wp-block-column is-layout-flow wp-block-column-is-layout-flow\" style=\"flex-basis:90%\">\n<h3 class=\"wp-block-heading has-regular-font-size\" style=\"line-height:0.9;text-transform:uppercase\">DEFINITIONER OCH VIKTIGA TERMER<\/h3>\n\n\n\n<p>F\u00f6r att f\u00f6rklara saker s\u00e5 tydligt som m\u00f6jligt i denna cookiepolicy definieras varje g\u00e5ng n\u00e5gon av dessa termer refereras, strikt definieras som:<\/p>\n\n\n\n<ul class=\"wp-block-list\">\n<li>Kaka: en liten m\u00e4ngd data som genereras av en webbplats och sparas av din webbl\u00e4sare. Den anv\u00e4nds f\u00f6r att identifiera din webbl\u00e4sare, tillhandah\u00e5lla analys, komma ih\u00e5g information om dig som din spr\u00e5kpreferens eller inloggningsinformation.<\/li>\n\n\n\n<li>F\u00f6retag: n\u00e4r denna policy n\u00e4mner \"F\u00f6retaget\", \"vi\", \"oss\" eller \"v\u00e5r\", h\u00e4nvisar den till Fox in a Box Franchise, som \u00e4r ansvarig f\u00f6r din information enligt denna cookiepolicy.<\/li>\n\n\n\n<li>Enhet: en internetansluten enhet s\u00e5som en telefon, surfplatta, dator eller annan enhet som kan anv\u00e4ndas f\u00f6r att bes\u00f6ka Fox in a Box Franchise och anv\u00e4nda tj\u00e4nsterna.<\/li>\n\n\n\n<li>Personuppgifter: all information som direkt, indirekt eller i samband med annan information - inklusive ett personnummer - m\u00f6jligg\u00f6r identifiering eller identifierbarhet av en fysisk person.<\/li>\n\n\n\n<li>Tj\u00e4nst: h\u00e4nvisar till den tj\u00e4nst som tillhandah\u00e5lls av Fox in a Box Franchise enligt de relativa villkoren (om tillg\u00e4ngliga) och p\u00e5 denna plattform.<\/li>\n\n\n\n<li>Tredjepartstj\u00e4nst: h\u00e4nvisar till annons\u00f6rer, t\u00e4vlingsarrang\u00f6rer, marknadsf\u00f6rings- och marknadsf\u00f6ringspartners samt andra som tillhandah\u00e5ller v\u00e5rt inneh\u00e5ll eller vars produkter eller tj\u00e4nster vi tror kan intressera dig.<\/li>\n\n\n\n<li>Webbplats: webbplats som kan n\u00e5s via denna webbadress: http:\/\/foxinabox.re<\/li>\n<\/ul>\n\n\n\n<p>Denna cookiepolicy skapades med&nbsp;<a href=\"https:\/\/termify.io\" target=\"_blank\" rel=\"noreferrer noopener\">Termify<\/a>.<\/p>\n<\/div>\n<\/div>\n<\/div>\n<\/div>\n\n\n\n<div style=\"height:100px\" aria-hidden=\"true\" class=\"wp-block-spacer\"><\/div>\n\n\n\n<hr class=\"wp-block-separator alignwide has-text-color has-offwhite-color has-alpha-channel-opacity has-offwhite-background-color has-background l-above-mobile-only\"\/>\n\n\n\n<div style=\"height:60px\" aria-hidden=\"true\" class=\"wp-block-spacer l-above-mobile-only\"><\/div>\n\n\n\n<div class=\"wp-block-columns alignwide stack-on-tablet-portrait is-layout-flex wp-container-core-columns-is-layout-14cf5ab5 wp-block-columns-is-layout-flex\">\n<div class=\"wp-block-column is-layout-flow wp-block-column-is-layout-flow\" style=\"padding-right:2vw\">\n<h3 class=\"wp-block-heading has-regular-font-size\" style=\"text-transform:uppercase\">INTRODUKTION<\/h3>\n\n\n\n<p>Denna cookiepolicy f\u00f6rklarar hur Fox in a Box Franchise och dess dotterbolag (gemensamt \"Fox in a Box Franchise\", \"vi\", \"oss\" och \"v\u00e5ra\") anv\u00e4nder cookies och liknande tekniker f\u00f6r att k\u00e4nna igen dig n\u00e4r du bes\u00f6ker v\u00e5r webbplats, inklusive utan begr\u00e4nsning http:\/\/foxinabox.re och eventuella relaterade webbadresser, mobila eller lokaliserade versioner och relaterade dom\u00e4ner\/subdom\u00e4ner (\"Webbplatser\"). Den f\u00f6rklarar vad dessa tekniker \u00e4r och varf\u00f6r vi anv\u00e4nder dem, liksom alternativen f\u00f6r hur du kontrollerar dem.<\/p>\n\n\n\n<div style=\"height:20px\" aria-hidden=\"true\" class=\"wp-block-spacer\"><\/div>\n<\/div>\n\n\n\n<div class=\"wp-block-column is-layout-flow wp-block-column-is-layout-flow\">\n<h3 class=\"wp-block-heading has-regular-font-size\" style=\"text-transform:uppercase\">VILKEN TYP AV COOKIES ANV\u00c4NDER FOX IN A BOX FRANCHISE?<\/h3>\n\n\n\n<p>Cookies kan antingen vara sessionscookies eller best\u00e4ndiga cookies. En sessionscookie l\u00f6per ut automatiskt n\u00e4r du st\u00e4nger din webbl\u00e4sare. En best\u00e4ndig cookie f\u00f6rblir tills den l\u00f6per ut eller tills du tar bort dina cookies. Utg\u00e5ngsdatumen s\u00e4tts i cookies sj\u00e4lva; vissa kan l\u00f6pa ut efter n\u00e5gra minuter medan andra kan l\u00f6pa ut efter flera \u00e5r. Cookies som placeras av den webbplats du bes\u00f6ker kallas \"f\u00f6rstapartscookies\".<\/p>\n\n\n\n<p>Strikt n\u00f6dv\u00e4ndiga cookies \u00e4r n\u00f6dv\u00e4ndiga f\u00f6r att v\u00e5r webbplats ska fungera och kan inte st\u00e4ngas av i v\u00e5ra system. De \u00e4r n\u00f6dv\u00e4ndiga f\u00f6r att m\u00f6jligg\u00f6ra navigering p\u00e5 webbplatsen och anv\u00e4ndning av dess funktioner. Om du tar bort eller inaktiverar dessa cookies kan vi inte garantera att du kommer att kunna anv\u00e4nda v\u00e5r webbplats.<\/p>\n<\/div>\n<\/div>\n\n\n\n<div style=\"height:60px\" aria-hidden=\"true\" class=\"wp-block-spacer l-above-mobile-only\"><\/div>\n\n\n\n<hr class=\"wp-block-separator alignwide has-text-color has-offwhite-color has-alpha-channel-opacity has-offwhite-background-color has-background l-above-mobile-only\"\/>\n\n\n\n<div style=\"height:60px\" aria-hidden=\"true\" class=\"wp-block-spacer l-above-mobile-only\"><\/div>\n\n\n\n<div class=\"wp-block-columns alignwide is-layout-flex wp-container-core-columns-is-layout-28f84493 wp-block-columns-is-layout-flex\">\n<div class=\"wp-block-column is-layout-flow wp-block-column-is-layout-flow\" style=\"flex-basis:60%\">\n<h2 class=\"wp-block-heading alignwide has-large-font-size\" style=\"line-height:0.9;text-transform:uppercase\">VI ANV\u00c4NDER F\u00d6LJANDE TYPER AV COOKIES P\u00c5 V\u00c5R WEBBPLATS:<\/h2>\n<\/div>\n<\/div>\n\n\n\n<div style=\"height:60px\" aria-hidden=\"true\" class=\"wp-block-spacer l-above-mobile-only\"><\/div>\n\n\n\n<div class=\"wp-block-columns alignwide stack-on-tablet-portrait is-layout-flex wp-container-core-columns-is-layout-14cf5ab5 wp-block-columns-is-layout-flex\">\n<div class=\"wp-block-column is-layout-flow wp-block-column-is-layout-flow\" style=\"padding-right:2vw\">\n<h3 class=\"wp-block-heading has-regular-font-size\" style=\"text-transform:uppercase\">ESSENTIELLA COOKIES<\/h3>\n\n\n\n<p>Vi anv\u00e4nder essentiella cookies f\u00f6r att g\u00f6ra v\u00e5r webbplats fungera. Dessa cookies \u00e4r strikt n\u00f6dv\u00e4ndiga f\u00f6r att m\u00f6jligg\u00f6ra k\u00e4rnfunktionalitet s\u00e5som s\u00e4kerhet, n\u00e4tverkshantering, dina cookieinst\u00e4llningar och tillg\u00e4nglighet. Utan dem skulle du inte kunna anv\u00e4nda grundl\u00e4ggande tj\u00e4nster. Du kan inaktivera dessa genom att \u00e4ndra dina webbl\u00e4sarinst\u00e4llningar, men detta kan p\u00e5verka hur webbplatserna fungerar.<\/p>\n\n\n\n<div style=\"height:20px\" aria-hidden=\"true\" class=\"wp-block-spacer\"><\/div>\n<\/div>\n\n\n\n<div class=\"wp-block-column is-layout-flow wp-block-column-is-layout-flow\">\n<h3 class=\"wp-block-heading has-regular-font-size\" style=\"text-transform:uppercase\">MARKNADSF\u00d6RINGSCOOKIES<\/h3>\n\n\n\n<p>Dessa account-based marketing-cookies m\u00f6jligg\u00f6r f\u00f6r oss att identifiera framtida prospekter och anpassa f\u00f6rs\u00e4ljnings- och marknadsf\u00f6ringsinteraktioner med dem.<\/p>\n<\/div>\n<\/div>\n\n\n\n<div style=\"height:60px\" aria-hidden=\"true\" class=\"wp-block-spacer l-above-mobile-only\"><\/div>\n\n\n\n<hr class=\"wp-block-separator alignwide has-text-color has-offwhite-color has-alpha-channel-opacity has-offwhite-background-color has-background l-above-mobile-only\"\/>\n\n\n\n<div style=\"height:60px\" aria-hidden=\"true\" class=\"wp-block-spacer l-above-mobile-only\"><\/div>\n\n\n\n<div class=\"wp-block-columns alignwide stack-on-tablet-portrait is-layout-flex wp-container-core-columns-is-layout-14cf5ab5 wp-block-columns-is-layout-flex\">\n<div class=\"wp-block-column is-layout-flow wp-block-column-is-layout-flow\" style=\"padding-right:2vw\">\n<h3 class=\"wp-block-heading has-regular-font-size\" style=\"text-transform:uppercase\">ANALYS- OCH ANPASSNINGSCOOKIES<\/h3>\n\n\n\n<p>Dessa cookies samlar in information som anv\u00e4nds f\u00f6r att hj\u00e4lpa oss f\u00f6rst\u00e5 hur v\u00e5r webbplats anv\u00e4nds eller hur effektiva v\u00e5ra marknadsf\u00f6ringskampanjer \u00e4r, eller f\u00f6r att hj\u00e4lpa oss anpassa v\u00e5r webbplats f\u00f6r dig.<\/p>\n\n\n\n<p>Vi anv\u00e4nder cookies som serveras av Google Analytics f\u00f6r att samla in begr\u00e4nsad data direkt fr\u00e5n slutanv\u00e4ndares webbl\u00e4sare f\u00f6r att m\u00f6jligg\u00f6ra f\u00f6r oss att b\u00e4ttre f\u00f6rst\u00e5 din anv\u00e4ndning av v\u00e5r webbplats. Ytterligare information om hur Google samlar in och anv\u00e4nder denna data finns p\u00e5: https:\/\/www.google.com\/policies\/privacy\/partners\/. Du kan v\u00e4lja bort alla Google-st\u00f6dda analyser p\u00e5 v\u00e5ra webbplatser genom att bes\u00f6ka: https:\/\/tools.google.com\/dlpage\/gaoptout.<\/p>\n\n\n\n<div style=\"height:20px\" aria-hidden=\"true\" class=\"wp-block-spacer\"><\/div>\n<\/div>\n\n\n\n<div class=\"wp-block-column is-layout-flow wp-block-column-is-layout-flow\">\n<h3 class=\"wp-block-heading has-regular-font-size\" style=\"text-transform:uppercase\">TREDJEPARTSCOOKIES<\/h3>\n\n\n\n<p style=\"font-style:normal;font-weight:500\">Vissa cookies som har st\u00e4llts in p\u00e5 v\u00e5r webbplats \u00e4r inte inst\u00e4llda p\u00e5 en f\u00f6rstapartsbasis av Fox in a Box Franchise. Webbplatserna kan inneh\u00e5lla inb\u00e4ddat inneh\u00e5ll fr\u00e5n tredje part f\u00f6r att servera reklam. Dessa tredjepartsleverant\u00f6rer av tj\u00e4nster kan st\u00e4lla in sina egna cookies i din webbl\u00e4sare. Tredjepartsleverant\u00f6rer av tj\u00e4nster kontrollerar m\u00e5nga av prestanda- och funktionalitets-, reklam-, marknadsf\u00f6rings- och analyscookies som beskrivs ovan. Vi kontrollerar inte anv\u00e4ndningen av dessa tredjepartscookies eftersom cookies bara kan n\u00e5s av den tredje part som ursprungligen st\u00e4llde in dem.<\/p>\n<\/div>\n<\/div>\n\n\n\n<div style=\"height:60px\" aria-hidden=\"true\" class=\"wp-block-spacer l-above-mobile-only\"><\/div>\n\n\n\n<hr class=\"wp-block-separator alignwide has-text-color has-offwhite-color has-alpha-channel-opacity has-offwhite-background-color has-background l-above-mobile-only\"\/>\n\n\n\n<div style=\"height:60px\" aria-hidden=\"true\" class=\"wp-block-spacer l-above-mobile-only\"><\/div>\n\n\n\n<div class=\"wp-block-columns alignwide stack-on-tablet-portrait is-layout-flex wp-container-core-columns-is-layout-14cf5ab5 wp-block-columns-is-layout-flex\">\n<div class=\"wp-block-column is-layout-flow wp-block-column-is-layout-flow\" style=\"padding-right:2vw\">\n<h3 class=\"wp-block-heading has-regular-font-size\" style=\"text-transform:uppercase\">HUR DU KAN HANTERA COOKIES?<\/h3>\n\n\n\n<p>De flesta webbl\u00e4sare till\u00e5ter dig att kontrollera cookies genom sina inst\u00e4llningspreferenser. Men om du begr\u00e4nsar webbplatsers f\u00f6rm\u00e5ga att st\u00e4lla in cookies kan din totala anv\u00e4ndarupplevelse f\u00f6rs\u00e4mras, eftersom den inte l\u00e4ngre kommer att vara anpassad till dig. Det kan ocks\u00e5 hindra dig fr\u00e5n att spara anpassade inst\u00e4llningar som inloggningsinformation. Webbpl\u00e4sartillverkare tillhandah\u00e5ller hj\u00e4lpsidor relaterade till hantering av cookies i deras produkter.<\/p>\n\n\n\n<p>Webbl\u00e4sartillverkare tillhandah\u00e5ller hj\u00e4lpsidor relaterade till hantering av cookies i deras produkter. Se nedan f\u00f6r mer information.<\/p>\n\n\n\n<ul class=\"wp-block-list\">\n<li>Google Chrome<\/li>\n\n\n\n<li>Internet Explorer<\/li>\n\n\n\n<li>Mozilla Firefox<\/li>\n\n\n\n<li>Safari (Desktop)<\/li>\n\n\n\n<li>Safari (Mobile)<\/li>\n\n\n\n<li>Android Browser<\/li>\n\n\n\n<li>Opera<\/li>\n\n\n\n<li>Opera Mobile<\/li>\n<\/ul>\n\n\n\n<div style=\"height:20px\" aria-hidden=\"true\" class=\"wp-block-spacer\"><\/div>\n<\/div>\n\n\n\n<div class=\"wp-block-column is-layout-flow wp-block-column-is-layout-flow\">\n<h3 class=\"wp-block-heading has-regular-font-size\" style=\"text-transform:uppercase\">BLOCKERING OCH INAKTIVERING AV COOKIES OCH LIKNANDE TEKNIKER<\/h3>\n\n\n\n<p style=\"font-style:normal;font-weight:500\">Oavsett var du befinner dig kan du ocks\u00e5 st\u00e4lla in din webbl\u00e4sare f\u00f6r att blockera cookies och liknande tekniker, men denna \u00e5tg\u00e4rd kan blockera v\u00e5ra v\u00e4sentliga cookies och f\u00f6rhindra att v\u00e5r webbplats fungerar korrekt, och du kanske inte kan utnyttja alla dess funktioner och tj\u00e4nster fullt ut. Du b\u00f6r ocks\u00e5 vara medveten om att du kan f\u00f6rlora viss sparad information (t.ex. sparad inloggningsinformation, webbplatspreferenser) om du blockerar cookies i din webbl\u00e4sare. Olika webbl\u00e4sare erbjuder olika kontroller tillg\u00e4ngliga f\u00f6r dig. Att inaktivera en cookie eller kategori av cookie tar inte bort cookien fr\u00e5n din webbl\u00e4sare, du m\u00e5ste g\u00f6ra detta sj\u00e4lv inifr\u00e5n din webbl\u00e4sare, du b\u00f6r bes\u00f6ka din webbl\u00e4sares hj\u00e4lpmeny f\u00f6r mer information.<\/p>\n<\/div>\n<\/div>\n\n\n\n<div style=\"height:60px\" aria-hidden=\"true\" class=\"wp-block-spacer l-above-mobile-only\"><\/div>\n\n\n\n<hr class=\"wp-block-separator alignwide has-text-color has-offwhite-color has-alpha-channel-opacity has-offwhite-background-color has-background l-above-mobile-only\"\/>\n\n\n\n<div style=\"height:60px\" aria-hidden=\"true\" class=\"wp-block-spacer l-above-mobile-only\"><\/div>\n\n\n\n<div class=\"wp-block-columns alignwide stack-on-tablet-portrait is-layout-flex wp-container-core-columns-is-layout-14cf5ab5 wp-block-columns-is-layout-flex\">\n<div class=\"wp-block-column is-layout-flow wp-block-column-is-layout-flow\" style=\"padding-right:2vw\">\n<h3 class=\"wp-block-heading has-regular-font-size\" style=\"text-transform:uppercase\">\u00c4NDRINGAR I V\u00c5R COOKIEPOLICY<\/h3>\n\n\n\n<p>Vi kan \u00e4ndra v\u00e5r tj\u00e4nst och v\u00e5ra policys, och vi kan beh\u00f6va g\u00f6ra \u00e4ndringar i denna cookiepolicy s\u00e5 att de korrekt \u00e5terspeglar v\u00e5r tj\u00e4nst och v\u00e5ra policys. Om inte annat kr\u00e4vs enligt lag kommer vi att meddela dig (till exempel genom v\u00e5r tj\u00e4nst) innan vi g\u00f6r \u00e4ndringar i denna cookiepolicy och ge dig m\u00f6jlighet att granska dem innan de tr\u00e4der i kraft. Sedan, om du forts\u00e4tter att anv\u00e4nda tj\u00e4nsten, kommer du att vara bunden av den uppdaterade cookiepolicyn. Om du inte vill godk\u00e4nna denna eller n\u00e5gon uppdaterad cookiepolicy kan du radera ditt konto.<\/p>\n\n\n\n<div style=\"height:20px\" aria-hidden=\"true\" class=\"wp-block-spacer\"><\/div>\n<\/div>\n\n\n\n<div class=\"wp-block-column is-layout-flow wp-block-column-is-layout-flow\">\n<h3 class=\"wp-block-heading has-regular-font-size\" style=\"text-transform:uppercase\">DITT SAMTYCKEDITT SAMTYCKE<\/h3>\n\n\n\n<p style=\"font-style:normal;font-weight:500\">Genom att anv\u00e4nda v\u00e5r webbplats, registrera ett konto eller g\u00f6ra ett k\u00f6p samtycker du h\u00e4rmed till v\u00e5r cookiepolicy och godk\u00e4nner dess villkor.<\/p>\n<\/div>\n<\/div>\n\n\n\n<div style=\"height:60px\" aria-hidden=\"true\" class=\"wp-block-spacer l-above-mobile-only\"><\/div>\n\n\n\n<hr class=\"wp-block-separator alignwide has-text-color has-offwhite-color has-alpha-channel-opacity has-offwhite-background-color has-background l-above-mobile-only\"\/>\n\n\n\n<div style=\"height:60px\" aria-hidden=\"true\" class=\"wp-block-spacer\"><\/div>\n\n\n\n<div class=\"wp-block-columns alignwide stack-on-tablet-portrait is-layout-flex wp-container-core-columns-is-layout-14cf5ab5 wp-block-columns-is-layout-flex\">\n<div class=\"wp-block-column is-layout-flow wp-block-column-is-layout-flow\" style=\"padding-right:2vw\">\n<h3 class=\"wp-block-heading has-regular-font-size\" style=\"text-transform:uppercase\">KONTAKTA OSS<\/h3>\n\n\n\n<p>Tveka inte att kontakta oss om du har n\u00e5gra fr\u00e5gor ang\u00e5ende v\u00e5r cookiepolicy.<\/p>\n\n\n\n<ul class=\"wp-block-list\">\n<li>Via e-post:\u00a0<a href=\"mailto:franchise@foxinabox.re\"><\/a><a href=\"mailto:franchise@foxinabox.re\" target=\"_blank\" rel=\"noreferrer noopener\">franchise@foxinabox.re<\/a>, <a href=\"mailto:info@foxinabox.se\" target=\"_blank\" rel=\"noreferrer noopener\">info@foxinabox.se<\/a><\/li>\n\n\n\n<li>Telefon: <a href=\"tel:+46709796131\">+46 70 979 61 31<\/a><\/li>\n<\/ul>\n<\/div>\n\n\n\n<div class=\"wp-block-column is-layout-flow wp-block-column-is-layout-flow\" style=\"padding-left:2vw\"><\/div>\n<\/div>\n\n\n\n<div style=\"height:80px\" aria-hidden=\"true\" class=\"wp-block-spacer l-above-mobile-only\"><\/div>\n<\/div>","protected":false},"excerpt":{"rendered":"<p>Cookie Policy Definitions and key terms To help explain things as clearly as possible in this Cookie Policy, every time any of these terms are referenced, are strictly defined as: This Cookie Policy was created with&nbsp;Termify. Introduction This Cookie Policy explains how Fox in a Box Franchise and its affiliates (collectively &#8220;Fox in a Box [&hellip;]<\/p>","protected":false},"author":4,"featured_media":0,"parent":0,"menu_order":0,"comment_status":"closed","ping_status":"closed","template":"","meta":{"footnotes":""},"class_list":["post-42","page","type-page","status-publish","hentry"],"_links":{"self":[{"href":"https:\/\/foxinabox.se\/se\/wp-json\/wp\/v2\/pages\/42","targetHints":{"allow":["GET"]}}],"collection":[{"href":"https:\/\/foxinabox.se\/se\/wp-json\/wp\/v2\/pages"}],"about":[{"href":"https:\/\/foxinabox.se\/se\/wp-json\/wp\/v2\/types\/page"}],"author":[{"embeddable":true,"href":"https:\/\/foxinabox.se\/se\/wp-json\/wp\/v2\/users\/4"}],"replies":[{"embeddable":true,"href":"https:\/\/foxinabox.se\/se\/wp-json\/wp\/v2\/comments?post=42"}],"version-history":[{"count":10,"href":"https:\/\/foxinabox.se\/se\/wp-json\/wp\/v2\/pages\/42\/revisions"}],"predecessor-version":[{"id":10875,"href":"https:\/\/foxinabox.se\/se\/wp-json\/wp\/v2\/pages\/42\/revisions\/10875"}],"wp:attachment":[{"href":"https:\/\/foxinabox.se\/se\/wp-json\/wp\/v2\/media?parent=42"}],"curies":[{"name":"wp","href":"https:\/\/api.w.org\/{rel}","templated":true}]}}